{"id":143,"date":"2023-12-22T11:25:49","date_gmt":"2023-12-22T11:25:49","guid":{"rendered":"https:\/\/dreamscarstravel.com\/?page_id=143"},"modified":"2023-12-28T11:50:49","modified_gmt":"2023-12-28T11:50:49","slug":"concierge","status":"publish","type":"page","link":"https:\/\/www.dreamscarstravel.com\/fr\/concierge\/","title":{"rendered":"Conciergerie"},"content":{"rendered":"<div data-elementor-type=\"wp-page\" data-elementor-id=\"143\" class=\"elementor elementor-143\">\n\t\t\t\t\t\t<section class=\"elementor-section elementor-top-section elementor-element elementor-element-a1c5117 elementor-section-height-min-height elementor-section-full_width elementor-section-height-default elementor-section-items-middle wpr-particle-no wpr-jarallax-no wpr-parallax-no wpr-sticky-section-no\" data-id=\"a1c5117\" data-element_type=\"section\" data-e-type=\"section\" data-settings=\"{&quot;background_background&quot;:&quot;classic&quot;}\">\n\t\t\t\t\t\t<div class=\"elementor-container elementor-column-gap-extended\">\n\t\t\t\t\t<div class=\"elementor-column elementor-col-100 elementor-top-column elementor-element elementor-element-0dc2848\" data-id=\"0dc2848\" data-element_type=\"column\" data-e-type=\"column\" data-settings=\"{&quot;background_background&quot;:&quot;classic&quot;}\">\n\t\t\t<div class=\"elementor-widget-wrap elementor-element-populated\">\n\t\t\t\t\t\t<div class=\"elementor-element elementor-element-91171d0 elementor-widget elementor-widget-heading\" data-id=\"91171d0\" data-element_type=\"widget\" data-e-type=\"widget\" data-widget_type=\"heading.default\">\n\t\t\t\t<div class=\"elementor-widget-container\">\n\t\t\t\t\t<h1 class=\"elementor-heading-title elementor-size-xxl\">Conciergerie<\/h1>\t\t\t\t<\/div>\n\t\t\t\t<\/div>\n\t\t\t\t\t<\/div>\n\t\t<\/div>\n\t\t\t\t\t<\/div>\n\t\t<\/section>\n\t\t\t\t<section class=\"elementor-section elementor-top-section elementor-element elementor-element-3b8f4408 elementor-section-boxed elementor-section-height-default elementor-section-height-default wpr-particle-no wpr-jarallax-no wpr-parallax-no wpr-sticky-section-no\" data-id=\"3b8f4408\" data-element_type=\"section\" data-e-type=\"section\">\n\t\t\t\t\t\t<div class=\"elementor-container elementor-column-gap-default\">\n\t\t\t\t\t<div class=\"elementor-column elementor-col-100 elementor-top-column elementor-element elementor-element-6318a69f\" data-id=\"6318a69f\" data-element_type=\"column\" data-e-type=\"column\">\n\t\t\t<div class=\"elementor-widget-wrap elementor-element-populated\">\n\t\t\t\t\t\t<section class=\"elementor-section elementor-inner-section elementor-element elementor-element-71238c96 elementor-section-boxed elementor-section-height-default elementor-section-height-default wpr-particle-no wpr-jarallax-no wpr-parallax-no wpr-sticky-section-no\" data-id=\"71238c96\" data-element_type=\"section\" data-e-type=\"section\">\n\t\t\t\t\t\t<div class=\"elementor-container elementor-column-gap-default\">\n\t\t\t\t\t<div class=\"elementor-column elementor-col-100 elementor-inner-column elementor-element elementor-element-1fb87547\" data-id=\"1fb87547\" data-element_type=\"column\" data-e-type=\"column\">\n\t\t\t<div class=\"elementor-widget-wrap elementor-element-populated\">\n\t\t\t\t\t\t<div class=\"elementor-element elementor-element-5dab3129 elementor-widget elementor-widget-elementskit-heading\" data-id=\"5dab3129\" data-element_type=\"widget\" data-e-type=\"widget\" data-widget_type=\"elementskit-heading.default\">\n\t\t\t\t<div class=\"elementor-widget-container\">\n\t\t\t\t\t<div class=\"ekit-wid-con\" ><div class=\"ekit-heading elementskit-section-title-wraper center   ekit_heading_tablet-   ekit_heading_mobile-\"><h2 class=\"ekit-heading--title elementskit-section-title\">Cr\u00e9ation d'exp\u00e9riences inoubliables dans le voyage de luxe<\/h2><div class=\"ekit_heading_separetor_wraper ekit_heading_elementskit-border-divider ekit-dotted\"><div class=\"elementskit-border-divider ekit-dotted\"><\/div><\/div>\t\t\t\t<div class='ekit-heading__description'>\n\t\t\t\t\t<p>Plongez dans le summum du service personnalis\u00e9 avec nos offres exclusives de conciergerie chez Dreams Cars Travel. \u00c9levez votre voyage \u00e0 des hauteurs extraordinaires alors que nous cr\u00e9ons des exp\u00e9riences opulentes sur mesure adapt\u00e9es \u00e0 chacun de vos d\u00e9sirs.<\/p>\n\t\t\t\t<\/div>\n\t\t\t<\/div><\/div>\t\t\t\t<\/div>\n\t\t\t\t<\/div>\n\t\t\t\t\t<\/div>\n\t\t<\/div>\n\t\t\t\t\t<\/div>\n\t\t<\/section>\n\t\t\t\t<section class=\"elementor-section elementor-inner-section elementor-element elementor-element-4883bc9d elementor-section-boxed elementor-section-height-default elementor-section-height-default wpr-particle-no wpr-jarallax-no wpr-parallax-no wpr-sticky-section-no\" data-id=\"4883bc9d\" data-element_type=\"section\" data-e-type=\"section\">\n\t\t\t\t\t\t<div class=\"elementor-container elementor-column-gap-default\">\n\t\t\t\t\t<div class=\"elementor-column elementor-col-33 elementor-inner-column elementor-element elementor-element-844fab8\" data-id=\"844fab8\" data-element_type=\"column\" data-e-type=\"column\">\n\t\t\t<div class=\"elementor-widget-wrap elementor-element-populated\">\n\t\t\t\t\t\t<div class=\"elementor-element elementor-element-3059661a ekit-equal-height-disable elementor-widget elementor-widget-elementskit-image-box\" data-id=\"3059661a\" data-element_type=\"widget\" data-e-type=\"widget\" data-widget_type=\"elementskit-image-box.default\">\n\t\t\t\t<div class=\"elementor-widget-container\">\n\t\t\t\t\t<div class=\"ekit-wid-con\" >\n            <div class=\"elementskit-info-image-box ekit-image-box text-left style-modern\" >\n\n                \n                <div class=\"elementskit-box-header image-box-img-left\">\n\n                    <img fetchpriority=\"high\" decoding=\"async\" width=\"500\" height=\"500\" src=\"https:\/\/www.dreamscarstravel.com\/wp-content\/uploads\/2023\/12\/hotel-reservation.png\" class=\"attachment-full size-full wp-image-235\" alt=\"\" srcset=\"https:\/\/www.dreamscarstravel.com\/wp-content\/uploads\/2023\/12\/hotel-reservation.png 500w, https:\/\/www.dreamscarstravel.com\/wp-content\/uploads\/2023\/12\/hotel-reservation-300x300.png 300w, https:\/\/www.dreamscarstravel.com\/wp-content\/uploads\/2023\/12\/hotel-reservation-150x150.png 150w\" sizes=\"(max-width: 500px) 100vw, 500px\" \/>\n                <\/div>\n                \n                <div class=\"elementskit-box-body ekit-image-box-body\">\n                    <div class=\"elementskit-box-content ekit-image-box-body-inner\">\n                                                <h3 class=\"elementskit-info-box-title\">\n\n                        R\u00e9servation d'h\u00f4tel\n                        \n                    <\/h3>\n                                                            <div class=\"elementskit-box-style-content\">\n                        Immergez-vous dans des h\u00e9bergements somptueux \u00e0 travers le monde. Notre s\u00e9lection m\u00e9ticuleuse d'h\u00f4tels cinq \u00e9toiles garantit un s\u00e9jour qui transcende les attentes, alliant confort et sophistication.                    <\/div>\n                                    <\/div>\n\n                            <\/div>\n            <\/div>\n    <\/div>\t\t\t\t<\/div>\n\t\t\t\t<\/div>\n\t\t\t\t\t<\/div>\n\t\t<\/div>\n\t\t\t\t<div class=\"elementor-column elementor-col-33 elementor-inner-column elementor-element elementor-element-2f31ed62\" data-id=\"2f31ed62\" data-element_type=\"column\" data-e-type=\"column\">\n\t\t\t<div class=\"elementor-widget-wrap elementor-element-populated\">\n\t\t\t\t\t\t<div class=\"elementor-element elementor-element-7412fd8b ekit-equal-height-disable elementor-widget elementor-widget-elementskit-image-box\" data-id=\"7412fd8b\" data-element_type=\"widget\" data-e-type=\"widget\" data-widget_type=\"elementskit-image-box.default\">\n\t\t\t\t<div class=\"elementor-widget-container\">\n\t\t\t\t\t<div class=\"ekit-wid-con\" >\n            <div class=\"elementskit-info-image-box ekit-image-box text-left style-modern\" >\n\n                \n                <div class=\"elementskit-box-header image-box-img-left\">\n\n                    <img decoding=\"async\" width=\"500\" height=\"500\" src=\"https:\/\/www.dreamscarstravel.com\/wp-content\/uploads\/2023\/12\/Restaurant-reservation.png\" class=\"attachment-full size-full wp-image-236\" alt=\"\" srcset=\"https:\/\/www.dreamscarstravel.com\/wp-content\/uploads\/2023\/12\/Restaurant-reservation.png 500w, https:\/\/www.dreamscarstravel.com\/wp-content\/uploads\/2023\/12\/Restaurant-reservation-300x300.png 300w, https:\/\/www.dreamscarstravel.com\/wp-content\/uploads\/2023\/12\/Restaurant-reservation-150x150.png 150w\" sizes=\"(max-width: 500px) 100vw, 500px\" \/>\n                <\/div>\n                \n                <div class=\"elementskit-box-body ekit-image-box-body\">\n                    <div class=\"elementskit-box-content ekit-image-box-body-inner\">\n                                                <h3 class=\"elementskit-info-box-title\">\n\n                        R\u00e9servation de restaurant\n                        \n                    <\/h3>\n                                                            <div class=\"elementskit-box-style-content\">\n                        Savourez des d\u00e9lices culinaires exquis avec style. Des joyaux cach\u00e9s aux \u00e9tablissements \u00e9toil\u00e9s Michelin, notre service de conciergerie garantit des r\u00e9servations dans les meilleurs restaurants.                    <\/div>\n                                    <\/div>\n\n                            <\/div>\n            <\/div>\n    <\/div>\t\t\t\t<\/div>\n\t\t\t\t<\/div>\n\t\t\t\t\t<\/div>\n\t\t<\/div>\n\t\t\t\t<div class=\"elementor-column elementor-col-33 elementor-inner-column elementor-element elementor-element-61283c79\" data-id=\"61283c79\" data-element_type=\"column\" data-e-type=\"column\">\n\t\t\t<div class=\"elementor-widget-wrap elementor-element-populated\">\n\t\t\t\t\t\t<div class=\"elementor-element elementor-element-6b68f15c ekit-equal-height-disable elementor-widget elementor-widget-elementskit-image-box\" data-id=\"6b68f15c\" data-element_type=\"widget\" data-e-type=\"widget\" data-widget_type=\"elementskit-image-box.default\">\n\t\t\t\t<div class=\"elementor-widget-container\">\n\t\t\t\t\t<div class=\"ekit-wid-con\" >\n            <div class=\"elementskit-info-image-box ekit-image-box text-left style-modern\" >\n\n                \n                <div class=\"elementskit-box-header image-box-img-left\">\n\n                    <img decoding=\"async\" width=\"500\" height=\"500\" src=\"https:\/\/www.dreamscarstravel.com\/wp-content\/uploads\/2023\/12\/appartment.png\" class=\"attachment-full size-full wp-image-237\" alt=\"\" srcset=\"https:\/\/www.dreamscarstravel.com\/wp-content\/uploads\/2023\/12\/appartment.png 500w, https:\/\/www.dreamscarstravel.com\/wp-content\/uploads\/2023\/12\/appartment-300x300.png 300w, https:\/\/www.dreamscarstravel.com\/wp-content\/uploads\/2023\/12\/appartment-150x150.png 150w\" sizes=\"(max-width: 500px) 100vw, 500px\" \/>\n                <\/div>\n                \n                <div class=\"elementskit-box-body ekit-image-box-body\">\n                    <div class=\"elementskit-box-content ekit-image-box-body-inner\">\n                                                <h3 class=\"elementskit-info-box-title\">\n\n                        R\u00e9servation d'appartement de luxe\n                        \n                    <\/h3>\n                                                            <div class=\"elementskit-box-style-content\">\n                        Vivez l'apog\u00e9e du confort et de l'\u00e9l\u00e9gance avec nos r\u00e9servations d'appartements de luxe. Immergez-vous dans des espaces de vie opulents, minutieusement s\u00e9lectionn\u00e9s pour un s\u00e9jour in\u00e9gal\u00e9.                    <\/div>\n                                    <\/div>\n\n                            <\/div>\n            <\/div>\n    <\/div>\t\t\t\t<\/div>\n\t\t\t\t<\/div>\n\t\t\t\t\t<\/div>\n\t\t<\/div>\n\t\t\t\t\t<\/div>\n\t\t<\/section>\n\t\t\t\t<section class=\"elementor-section elementor-inner-section elementor-element elementor-element-fcf1768 elementor-section-boxed elementor-section-height-default elementor-section-height-default wpr-particle-no wpr-jarallax-no wpr-parallax-no wpr-sticky-section-no\" data-id=\"fcf1768\" data-element_type=\"section\" data-e-type=\"section\">\n\t\t\t\t\t\t<div class=\"elementor-container elementor-column-gap-default\">\n\t\t\t\t\t<div class=\"elementor-column elementor-col-33 elementor-inner-column elementor-element elementor-element-4ddb66a\" data-id=\"4ddb66a\" data-element_type=\"column\" data-e-type=\"column\">\n\t\t\t<div class=\"elementor-widget-wrap elementor-element-populated\">\n\t\t\t\t\t\t<div class=\"elementor-element elementor-element-0ba8f7e ekit-equal-height-disable elementor-widget elementor-widget-elementskit-image-box\" data-id=\"0ba8f7e\" data-element_type=\"widget\" data-e-type=\"widget\" data-widget_type=\"elementskit-image-box.default\">\n\t\t\t\t<div class=\"elementor-widget-container\">\n\t\t\t\t\t<div class=\"ekit-wid-con\" >\n            <div class=\"elementskit-info-image-box ekit-image-box text-left style-modern\" >\n\n                \n                <div class=\"elementskit-box-header image-box-img-left\">\n\n                    <img loading=\"lazy\" decoding=\"async\" width=\"500\" height=\"500\" src=\"https:\/\/www.dreamscarstravel.com\/wp-content\/uploads\/2023\/12\/plane.png\" class=\"attachment-full size-full wp-image-282\" alt=\"\" srcset=\"https:\/\/www.dreamscarstravel.com\/wp-content\/uploads\/2023\/12\/plane.png 500w, https:\/\/www.dreamscarstravel.com\/wp-content\/uploads\/2023\/12\/plane-300x300.png 300w, https:\/\/www.dreamscarstravel.com\/wp-content\/uploads\/2023\/12\/plane-150x150.png 150w\" sizes=\"(max-width: 500px) 100vw, 500px\" \/>\n                <\/div>\n                \n                <div class=\"elementskit-box-body ekit-image-box-body\">\n                    <div class=\"elementskit-box-content ekit-image-box-body-inner\">\n                                                <h3 class=\"elementskit-info-box-title\">\n\n                        Billets d'avion, Jets priv\u00e9s, H\u00e9licopt\u00e8re\n                        \n                    <\/h3>\n                                                            <div class=\"elementskit-box-style-content\">\n                        Les arrangements de voyage sans accroc sont notre sp\u00e9cialit\u00e9. Que vous recherchiez des vols commerciaux ou des charters priv\u00e9s, nos services de conciergerie s'\u00e9tendent aux jets et h\u00e9licopt\u00e8res pour un voyage qui transcende l'ordinaire.                    <\/div>\n                                    <\/div>\n\n                            <\/div>\n            <\/div>\n    <\/div>\t\t\t\t<\/div>\n\t\t\t\t<\/div>\n\t\t\t\t\t<\/div>\n\t\t<\/div>\n\t\t\t\t<div class=\"elementor-column elementor-col-33 elementor-inner-column elementor-element elementor-element-b16d15e\" data-id=\"b16d15e\" data-element_type=\"column\" data-e-type=\"column\">\n\t\t\t<div class=\"elementor-widget-wrap elementor-element-populated\">\n\t\t\t\t\t\t<div class=\"elementor-element elementor-element-ec2462a ekit-equal-height-disable elementor-widget elementor-widget-elementskit-image-box\" data-id=\"ec2462a\" data-element_type=\"widget\" data-e-type=\"widget\" data-widget_type=\"elementskit-image-box.default\">\n\t\t\t\t<div class=\"elementor-widget-container\">\n\t\t\t\t\t<div class=\"ekit-wid-con\" >\n            <div class=\"elementskit-info-image-box ekit-image-box text-left style-modern\" >\n\n                \n                <div class=\"elementskit-box-header image-box-img-left\">\n\n                    <img loading=\"lazy\" decoding=\"async\" width=\"500\" height=\"500\" src=\"https:\/\/www.dreamscarstravel.com\/wp-content\/uploads\/2023\/12\/yacht.png\" class=\"attachment-full size-full wp-image-284\" alt=\"\" srcset=\"https:\/\/www.dreamscarstravel.com\/wp-content\/uploads\/2023\/12\/yacht.png 500w, https:\/\/www.dreamscarstravel.com\/wp-content\/uploads\/2023\/12\/yacht-300x300.png 300w, https:\/\/www.dreamscarstravel.com\/wp-content\/uploads\/2023\/12\/yacht-150x150.png 150w\" sizes=\"(max-width: 500px) 100vw, 500px\" \/>\n                <\/div>\n                \n                <div class=\"elementskit-box-body ekit-image-box-body\">\n                    <div class=\"elementskit-box-content ekit-image-box-body-inner\">\n                                                <h3 class=\"elementskit-info-box-title\">\n\n                        Yacht\n                        \n                    <\/h3>\n                                                            <div class=\"elementskit-box-style-content\">\n                        Naviguez sur les mers dans un luxe in\u00e9gal\u00e9. Nos services de location de yacht donnent acc\u00e8s \u00e0 des navires exclusifs, promettant une exp\u00e9rience aquatique inoubliable dans les destinations les plus pittoresques du monde.                    <\/div>\n                                    <\/div>\n\n                            <\/div>\n            <\/div>\n    <\/div>\t\t\t\t<\/div>\n\t\t\t\t<\/div>\n\t\t\t\t\t<\/div>\n\t\t<\/div>\n\t\t\t\t<div class=\"elementor-column elementor-col-33 elementor-inner-column elementor-element elementor-element-2b3ed8e\" data-id=\"2b3ed8e\" data-element_type=\"column\" data-e-type=\"column\">\n\t\t\t<div class=\"elementor-widget-wrap elementor-element-populated\">\n\t\t\t\t\t\t<div class=\"elementor-element elementor-element-140a6fa ekit-equal-height-disable elementor-widget elementor-widget-elementskit-image-box\" data-id=\"140a6fa\" data-element_type=\"widget\" data-e-type=\"widget\" data-widget_type=\"elementskit-image-box.default\">\n\t\t\t\t<div class=\"elementor-widget-container\">\n\t\t\t\t\t<div class=\"ekit-wid-con\" >\n            <div class=\"elementskit-info-image-box ekit-image-box text-left style-modern\" >\n\n                \n                <div class=\"elementskit-box-header image-box-img-left\">\n\n                    <img loading=\"lazy\" decoding=\"async\" width=\"500\" height=\"500\" src=\"https:\/\/www.dreamscarstravel.com\/wp-content\/uploads\/2023\/12\/bodyguard.png\" class=\"attachment-full size-full wp-image-285\" alt=\"\" srcset=\"https:\/\/www.dreamscarstravel.com\/wp-content\/uploads\/2023\/12\/bodyguard.png 500w, https:\/\/www.dreamscarstravel.com\/wp-content\/uploads\/2023\/12\/bodyguard-300x300.png 300w, https:\/\/www.dreamscarstravel.com\/wp-content\/uploads\/2023\/12\/bodyguard-150x150.png 150w\" sizes=\"(max-width: 500px) 100vw, 500px\" \/>\n                <\/div>\n                \n                <div class=\"elementskit-box-body ekit-image-box-body\">\n                    <div class=\"elementskit-box-content ekit-image-box-body-inner\">\n                                                <h3 class=\"elementskit-info-box-title\">\n\n                        Guarde du corps\n                        \n                    <\/h3>\n                                                            <div class=\"elementskit-box-style-content\">\n                        Priorisez la s\u00e9curit\u00e9 sans compromis sur le luxe. Nos services de gardes du corps professionnels garantissent votre tranquillit\u00e9 d'esprit tout au long de vos voyages, assurant une protection discr\u00e8te mais vigilante.                    <\/div>\n                                    <\/div>\n\n                            <\/div>\n            <\/div>\n    <\/div>\t\t\t\t<\/div>\n\t\t\t\t<\/div>\n\t\t\t\t\t<\/div>\n\t\t<\/div>\n\t\t\t\t\t<\/div>\n\t\t<\/section>\n\t\t\t\t<div class=\"elementor-element elementor-element-41b1ddc elementor-align-center elementor-widget elementor-widget-button\" data-id=\"41b1ddc\" data-element_type=\"widget\" data-e-type=\"widget\" data-widget_type=\"button.default\">\n\t\t\t\t<div class=\"elementor-widget-container\">\n\t\t\t\t\t\t\t\t\t<div class=\"elementor-button-wrapper\">\n\t\t\t\t\t<a class=\"elementor-button elementor-button-link elementor-size-lg elementor-animation-grow\" href=\"https:\/\/www.dreamscarstravel.com\/contact\/\">\n\t\t\t\t\t\t<span class=\"elementor-button-content-wrapper\">\n\t\t\t\t\t\t\t\t\t<span class=\"elementor-button-text\">R\u00e9server maintenant<\/span>\n\t\t\t\t\t<\/span>\n\t\t\t\t\t<\/a>\n\t\t\t\t<\/div>\n\t\t\t\t\t\t\t\t<\/div>\n\t\t\t\t<\/div>\n\t\t\t\t\t<\/div>\n\t\t<\/div>\n\t\t\t\t\t<\/div>\n\t\t<\/section>\n\t\t\t\t<\/div>","protected":false},"excerpt":{"rendered":"<p>Concierge Crafting Unforgettable Experiences in Luxury Travel Indulge in the pinnacle of personalized service with our exclusive Concierge offerings at Dreams Cars Travel. Elevate your journey to extraordinary heights as we curate seamless, opulent experiences tailored to your every desire Hotel Reservation Immerse yourself in lavish accommodations worldwide. Our curated selection of five-star hotels ensures a stay that transcends expectations, blending comfort and sophistication Restaurant Reservation Savor exquisite culinary delights in style. From hidden gems to Michelin-starred establishments, our concierge service secures reservations at the finest dining destinations Luxury Apartment Reservation Experience the epitome of comfort and elegance with our luxury apartment reservations. Immerse yourself in opulent living spaces, meticulously selected for an unrivaled stay Plane Tickets, Private Jets, Helicopter Seamless travel arrangements are our specialty. Whether you&#8217;re seeking commercial flights or private charters, our concierge services extend to jets and helicopters for a journey that transcends the ordinary. Yacht Sail the seas in unparalleled luxury. Our yacht charter services provide access to exclusive vessels, promising an unforgettable aquatic experience in the world&#8217;s most scenic destinations Bodyguard Prioritize safety without compromising on luxury. Our professional bodyguard services ensure your peace of mind throughout your travels, providing discreet yet vigilant protection Book Now<\/p>","protected":false},"author":1,"featured_media":0,"parent":0,"menu_order":0,"comment_status":"closed","ping_status":"closed","template":"","meta":{"footnotes":""},"class_list":["post-143","page","type-page","status-publish","hentry"],"_links":{"self":[{"href":"https:\/\/www.dreamscarstravel.com\/fr\/wp-json\/wp\/v2\/pages\/143","targetHints":{"allow":["GET"]}}],"collection":[{"href":"https:\/\/www.dreamscarstravel.com\/fr\/wp-json\/wp\/v2\/pages"}],"about":[{"href":"https:\/\/www.dreamscarstravel.com\/fr\/wp-json\/wp\/v2\/types\/page"}],"author":[{"embeddable":true,"href":"https:\/\/www.dreamscarstravel.com\/fr\/wp-json\/wp\/v2\/users\/1"}],"replies":[{"embeddable":true,"href":"https:\/\/www.dreamscarstravel.com\/fr\/wp-json\/wp\/v2\/comments?post=143"}],"version-history":[{"count":64,"href":"https:\/\/www.dreamscarstravel.com\/fr\/wp-json\/wp\/v2\/pages\/143\/revisions"}],"predecessor-version":[{"id":495,"href":"https:\/\/www.dreamscarstravel.com\/fr\/wp-json\/wp\/v2\/pages\/143\/revisions\/495"}],"wp:attachment":[{"href":"https:\/\/www.dreamscarstravel.com\/fr\/wp-json\/wp\/v2\/media?parent=143"}],"curies":[{"name":"wp","href":"https:\/\/api.w.org\/{rel}","templated":true}]}}